{"id":4396,"date":"2022-01-28T19:15:55","date_gmt":"2022-01-28T18:15:55","guid":{"rendered":"https:\/\/www.xavidesign.com\/?page_id=4396"},"modified":"2024-06-18T11:00:14","modified_gmt":"2024-06-18T09:00:14","slug":"home","status":"publish","type":"page","link":"https:\/\/www.xavidesign.com\/ca\/","title":{"rendered":"Home"},"content":{"rendered":"<div data-elementor-type=\"wp-page\" data-elementor-id=\"4396\" class=\"elementor elementor-4396\" data-elementor-post-type=\"page\">\n\t\t\t\t\t\t<section class=\"elementor-section elementor-top-section elementor-element elementor-element-08abb6b elementor-section-boxed elementor-section-height-default elementor-section-height-default\" data-id=\"08abb6b\" data-element_type=\"section\">\n\t\t\t\t\t\t<div class=\"elementor-container elementor-column-gap-default\">\n\t\t\t\t\t<div class=\"elementor-column elementor-col-50 elementor-top-column elementor-element elementor-element-51bb230\" data-id=\"51bb230\" data-element_type=\"column\">\n\t\t\t<div class=\"elementor-widget-wrap elementor-element-populated\">\n\t\t\t\t\t\t<div class=\"elementor-element elementor-element-30ac37f elementor-widget__width-auto animated-slow elementor-invisible elementor-widget elementor-widget-text-editor\" data-id=\"30ac37f\" data-element_type=\"widget\" data-settings=\"{&quot;_animation&quot;:&quot;slideInUp&quot;}\" data-widget_type=\"text-editor.default\">\n\t\t\t\t<div class=\"elementor-widget-container\">\n\t\t\t\t\t\t\t\t\t<p>Dissenyador i comunicador audiovisual independent amb m\u00e9s de 20 anys d'experi\u00e8ncia en la direcci\u00f3 d'art enfocat en el branding i la comunicaci\u00f3<\/p>\t\t\t\t\t\t\t\t<\/div>\n\t\t\t\t<\/div>\n\t\t\t\t<div class=\"elementor-element elementor-element-d9c659f elementor-widget__width-auto animated-slow elementor-invisible elementor-widget elementor-widget-text-editor\" data-id=\"d9c659f\" data-element_type=\"widget\" data-settings=\"{&quot;_animation&quot;:&quot;fadeInUp&quot;,&quot;_animation_delay&quot;:800}\" data-widget_type=\"text-editor.default\">\n\t\t\t\t<div class=\"elementor-widget-container\">\n\t\t\t\t\t\t\t\t\t<p>Especialitzat en disseny corporatiu, disseny editorial, disseny web, embalatge, desenvolupament de contingut, estrat\u00e8gia de comunicaci\u00f3, planificaci\u00f3 de xarxes, edici\u00f3 de v\u00eddeo, copywriting i moltes m\u00e9s solucions creatives.<\/p>\t\t\t\t\t\t\t\t<\/div>\n\t\t\t\t<\/div>\n\t\t\t\t\t<\/div>\n\t\t<\/div>\n\t\t\t\t<div class=\"elementor-column elementor-col-50 elementor-top-column elementor-element elementor-element-b7592f8\" data-id=\"b7592f8\" data-element_type=\"column\">\n\t\t\t<div class=\"elementor-widget-wrap elementor-element-populated\">\n\t\t\t\t\t\t<div class=\"elementor-element elementor-element-0ea98bb elementor-widget__width-auto elementor-absolute elementor-hidden-mobile elementor-widget elementor-widget-html\" data-id=\"0ea98bb\" data-element_type=\"widget\" data-settings=\"{&quot;_position&quot;:&quot;absolute&quot;}\" data-widget_type=\"html.default\">\n\t\t\t\t<div class=\"elementor-widget-container\">\n\t\t\t\t\t<!-- SOLAR SYSTEM -->\r\n<div class=\"spinner-box\">\r\n  <div class=\"solar-system\">\r\n    <div class=\"earth-orbit orbit\">\r\n      <div class=\"planet earth\"><\/div>\r\n      <div class=\"venus-orbit orbit\">\r\n        <div class=\"planet venus\"><\/div>\r\n        <div class=\"mercury-orbit orbit\">\r\n          <div class=\"planet mercury\"><\/div>\r\n          <div class=\"sun\"><\/div>\r\n        <\/div>\r\n      <\/div>\r\n    <\/div>\r\n  <\/div>\r\n<\/div>\t\t\t\t<\/div>\n\t\t\t\t<\/div>\n\t\t\t\t\t<\/div>\n\t\t<\/div>\n\t\t\t\t\t<\/div>\n\t\t<\/section>\n\t\t\t\t<section class=\"elementor-section elementor-top-section elementor-element elementor-element-f4e945e elementor-section-boxed elementor-section-height-default elementor-section-height-default\" data-id=\"f4e945e\" data-element_type=\"section\" id=\"work\">\n\t\t\t\t\t\t<div class=\"elementor-container elementor-column-gap-default\">\n\t\t\t\t\t<div class=\"elementor-column elementor-col-100 elementor-top-column elementor-element elementor-element-45d5ab7\" data-id=\"45d5ab7\" data-element_type=\"column\">\n\t\t\t<div class=\"elementor-widget-wrap elementor-element-populated\">\n\t\t\t\t\t\t<div class=\"elementor-element elementor-element-1710814 elementor-widget__width-auto elementor-widget elementor-widget-heading\" data-id=\"1710814\" data-element_type=\"widget\" data-widget_type=\"heading.default\">\n\t\t\t\t<div class=\"elementor-widget-container\">\n\t\t\t\t\t<h2 class=\"elementor-heading-title elementor-size-default\"><a href=\"#work\">Projectes<\/a><\/h2>\t\t\t\t<\/div>\n\t\t\t\t<\/div>\n\t\t\t\t<div class=\"elementor-element elementor-element-f0b7d4f elementor-widget__width-auto elementor-view-default elementor-widget elementor-widget-icon\" data-id=\"f0b7d4f\" data-element_type=\"widget\" data-widget_type=\"icon.default\">\n\t\t\t\t<div class=\"elementor-widget-container\">\n\t\t\t\t\t\t\t<div class=\"elementor-icon-wrapper\">\n\t\t\t<a class=\"elementor-icon\" href=\"#work\">\n\t\t\t<i aria-hidden=\"true\" class=\"far fa-arrow-alt-circle-down\"><\/i>\t\t\t<\/a>\n\t\t<\/div>\n\t\t\t\t\t\t<\/div>\n\t\t\t\t<\/div>\n\t\t\t\t\t<\/div>\n\t\t<\/div>\n\t\t\t\t\t<\/div>\n\t\t<\/section>\n\t\t\t\t<section class=\"elementor-section elementor-top-section elementor-element elementor-element-17c1cd5 elementor-section-boxed elementor-section-height-default elementor-section-height-default\" data-id=\"17c1cd5\" data-element_type=\"section\">\n\t\t\t\t\t\t<div class=\"elementor-container elementor-column-gap-default\">\n\t\t\t\t\t<div class=\"elementor-column elementor-col-100 elementor-top-column elementor-element elementor-element-782b963\" data-id=\"782b963\" data-element_type=\"column\">\n\t\t\t<div class=\"elementor-widget-wrap elementor-element-populated\">\n\t\t\t\t\t\t<div class=\"elementor-element elementor-element-efc4e90 elementor-grid-2 elementor-grid-tablet-2 elementor-grid-mobile-1 elementor-posts--thumbnail-top elementor-widget elementor-widget-posts\" data-id=\"efc4e90\" data-element_type=\"widget\" data-settings=\"{&quot;classic_columns&quot;:&quot;2&quot;,&quot;classic_row_gap&quot;:{&quot;unit&quot;:&quot;px&quot;,&quot;size&quot;:60,&quot;sizes&quot;:[]},&quot;classic_columns_tablet&quot;:&quot;2&quot;,&quot;classic_columns_mobile&quot;:&quot;1&quot;,&quot;classic_row_gap_tablet&quot;:{&quot;unit&quot;:&quot;px&quot;,&quot;size&quot;:&quot;&quot;,&quot;sizes&quot;:[]},&quot;classic_row_gap_mobile&quot;:{&quot;unit&quot;:&quot;px&quot;,&quot;size&quot;:&quot;&quot;,&quot;sizes&quot;:[]}}\" data-widget_type=\"posts.classic\">\n\t\t\t\t<div class=\"elementor-widget-container\">\n\t\t\t\t\t\t\t<div class=\"elementor-posts-container elementor-posts elementor-posts--skin-classic elementor-grid\" role=\"list\">\n\t\t\t\t<article class=\"elementor-post elementor-grid-item post-3228 work type-work status-publish format-standard has-post-thumbnail hentry category-branding category-communication category-copywriting category-graphic-design\" role=\"listitem\">\n\t\t\t\t<a class=\"elementor-post__thumbnail__link\" href=\"https:\/\/www.xavidesign.com\/ca\/work\/mcquinn40\/\" tabindex=\"-1\" >\n\t\t\t<div class=\"elementor-post__thumbnail\"><img fetchpriority=\"high\" decoding=\"async\" width=\"604\" height=\"364\" src=\"https:\/\/www.xavidesign.com\/wp-content\/uploads\/2020\/10\/gif_mcq.gif\" class=\"attachment-full size-full wp-image-3238\" alt=\"\" \/><\/div>\n\t\t<\/a>\n\t\t\t\t<div class=\"elementor-post__text\">\n\t\t\t\t<h3 class=\"elementor-post__title\">\n\t\t\t<a href=\"https:\/\/www.xavidesign.com\/ca\/work\/mcquinn40\/\" >\n\t\t\t\tMcQuinn \u00b7 40 anniversary\t\t\t<\/a>\n\t\t<\/h3>\n\t\t\t\t<\/div>\n\t\t\t\t<\/article>\n\t\t\t\t<article class=\"elementor-post elementor-grid-item post-3566 work type-work status-publish format-standard has-post-thumbnail hentry category-branding category-graphic-design\" role=\"listitem\">\n\t\t\t\t<a class=\"elementor-post__thumbnail__link\" href=\"https:\/\/www.xavidesign.com\/ca\/work\/aguayo-molina-abogados\/\" tabindex=\"-1\" >\n\t\t\t<div class=\"elementor-post__thumbnail\"><img decoding=\"async\" width=\"1300\" height=\"550\" src=\"https:\/\/www.xavidesign.com\/wp-content\/uploads\/2020\/11\/ama-logo-min.png\" class=\"attachment-full size-full wp-image-3571\" alt=\"\" srcset=\"https:\/\/www.xavidesign.com\/wp-content\/uploads\/2020\/11\/ama-logo-min.png 1300w, https:\/\/www.xavidesign.com\/wp-content\/uploads\/2020\/11\/ama-logo-min-600x254.png 600w, https:\/\/www.xavidesign.com\/wp-content\/uploads\/2020\/11\/ama-logo-min-300x127.png 300w, https:\/\/www.xavidesign.com\/wp-content\/uploads\/2020\/11\/ama-logo-min-1024x433.png 1024w, https:\/\/www.xavidesign.com\/wp-content\/uploads\/2020\/11\/ama-logo-min-768x325.png 768w, https:\/\/www.xavidesign.com\/wp-content\/uploads\/2020\/11\/ama-logo-min-16x7.png 16w\" sizes=\"(max-width: 1300px) 100vw, 1300px\" \/><\/div>\n\t\t<\/a>\n\t\t\t\t<div class=\"elementor-post__text\">\n\t\t\t\t<h3 class=\"elementor-post__title\">\n\t\t\t<a href=\"https:\/\/www.xavidesign.com\/ca\/work\/aguayo-molina-abogados\/\" >\n\t\t\t\tAguayo Molina Abogados\t\t\t<\/a>\n\t\t<\/h3>\n\t\t\t\t<\/div>\n\t\t\t\t<\/article>\n\t\t\t\t<article class=\"elementor-post elementor-grid-item post-3170 work type-work status-publish format-standard has-post-thumbnail hentry category-app category-branding category-communication category-copywriting category-web\" role=\"listitem\">\n\t\t\t\t<a class=\"elementor-post__thumbnail__link\" href=\"https:\/\/www.xavidesign.com\/ca\/work\/streetours\/\" tabindex=\"-1\" >\n\t\t\t<div class=\"elementor-post__thumbnail\"><img decoding=\"async\" width=\"1920\" height=\"900\" src=\"https:\/\/www.xavidesign.com\/wp-content\/uploads\/2020\/09\/streetours2-min.png\" class=\"attachment-full size-full wp-image-3184\" alt=\"\" srcset=\"https:\/\/www.xavidesign.com\/wp-content\/uploads\/2020\/09\/streetours2-min.png 1920w, https:\/\/www.xavidesign.com\/wp-content\/uploads\/2020\/09\/streetours2-min-600x281.png 600w, https:\/\/www.xavidesign.com\/wp-content\/uploads\/2020\/09\/streetours2-min-300x141.png 300w, https:\/\/www.xavidesign.com\/wp-content\/uploads\/2020\/09\/streetours2-min-1024x480.png 1024w, https:\/\/www.xavidesign.com\/wp-content\/uploads\/2020\/09\/streetours2-min-768x360.png 768w, https:\/\/www.xavidesign.com\/wp-content\/uploads\/2020\/09\/streetours2-min-1536x720.png 1536w, https:\/\/www.xavidesign.com\/wp-content\/uploads\/2020\/09\/streetours2-min-1320x619.png 1320w\" sizes=\"(max-width: 1920px) 100vw, 1920px\" \/><\/div>\n\t\t<\/a>\n\t\t\t\t<div class=\"elementor-post__text\">\n\t\t\t\t<h3 class=\"elementor-post__title\">\n\t\t\t<a href=\"https:\/\/www.xavidesign.com\/ca\/work\/streetours\/\" >\n\t\t\t\tstreetours\t\t\t<\/a>\n\t\t<\/h3>\n\t\t\t\t<\/div>\n\t\t\t\t<\/article>\n\t\t\t\t<article class=\"elementor-post elementor-grid-item post-4104 work type-work status-publish format-standard has-post-thumbnail hentry category-branding category-copywriting category-web tag-branding tag-copywriting tag-web\" role=\"listitem\">\n\t\t\t\t<a class=\"elementor-post__thumbnail__link\" href=\"https:\/\/www.xavidesign.com\/ca\/work\/ecostures\/\" tabindex=\"-1\" >\n\t\t\t<div class=\"elementor-post__thumbnail\"><img loading=\"lazy\" decoding=\"async\" width=\"1300\" height=\"550\" src=\"https:\/\/www.xavidesign.com\/wp-content\/uploads\/2021\/03\/ecostures1-min.png\" class=\"attachment-full size-full wp-image-4105\" alt=\"\" srcset=\"https:\/\/www.xavidesign.com\/wp-content\/uploads\/2021\/03\/ecostures1-min.png 1300w, https:\/\/www.xavidesign.com\/wp-content\/uploads\/2021\/03\/ecostures1-min-600x254.png 600w, https:\/\/www.xavidesign.com\/wp-content\/uploads\/2021\/03\/ecostures1-min-300x127.png 300w, https:\/\/www.xavidesign.com\/wp-content\/uploads\/2021\/03\/ecostures1-min-1024x433.png 1024w, https:\/\/www.xavidesign.com\/wp-content\/uploads\/2021\/03\/ecostures1-min-768x325.png 768w, https:\/\/www.xavidesign.com\/wp-content\/uploads\/2021\/03\/ecostures1-min-16x7.png 16w\" sizes=\"(max-width: 1300px) 100vw, 1300px\" \/><\/div>\n\t\t<\/a>\n\t\t\t\t<div class=\"elementor-post__text\">\n\t\t\t\t<h3 class=\"elementor-post__title\">\n\t\t\t<a href=\"https:\/\/www.xavidesign.com\/ca\/work\/ecostures\/\" >\n\t\t\t\tecostures\t\t\t<\/a>\n\t\t<\/h3>\n\t\t\t\t<\/div>\n\t\t\t\t<\/article>\n\t\t\t\t<article class=\"elementor-post elementor-grid-item post-3190 work type-work status-publish format-standard has-post-thumbnail hentry category-branding category-communication category-naming\" role=\"listitem\">\n\t\t\t\t<a class=\"elementor-post__thumbnail__link\" href=\"https:\/\/www.xavidesign.com\/ca\/work\/rios\/\" tabindex=\"-1\" >\n\t\t\t<div class=\"elementor-post__thumbnail\"><img loading=\"lazy\" decoding=\"async\" width=\"1200\" height=\"382\" src=\"https:\/\/www.xavidesign.com\/wp-content\/uploads\/2020\/10\/Logo-RiOS_-min.gif\" class=\"attachment-full size-full wp-image-3194\" alt=\"\" \/><\/div>\n\t\t<\/a>\n\t\t\t\t<div class=\"elementor-post__text\">\n\t\t\t\t<h3 class=\"elementor-post__title\">\n\t\t\t<a href=\"https:\/\/www.xavidesign.com\/ca\/work\/rios\/\" >\n\t\t\t\tRiOS\t\t\t<\/a>\n\t\t<\/h3>\n\t\t\t\t<\/div>\n\t\t\t\t<\/article>\n\t\t\t\t<article class=\"elementor-post elementor-grid-item post-72 work type-work status-publish format-standard has-post-thumbnail hentry category-branding category-communication category-copywriting category-graphic-design category-web\" role=\"listitem\">\n\t\t\t\t<a class=\"elementor-post__thumbnail__link\" href=\"https:\/\/www.xavidesign.com\/ca\/work\/tritordeum\/\" tabindex=\"-1\" >\n\t\t\t<div class=\"elementor-post__thumbnail\"><img loading=\"lazy\" decoding=\"async\" width=\"1300\" height=\"700\" src=\"https:\/\/www.xavidesign.com\/wp-content\/uploads\/2020\/09\/Logotritordeum-min.png\" class=\"attachment-full size-full wp-image-3165\" alt=\"\" srcset=\"https:\/\/www.xavidesign.com\/wp-content\/uploads\/2020\/09\/Logotritordeum-min.png 1300w, https:\/\/www.xavidesign.com\/wp-content\/uploads\/2020\/09\/Logotritordeum-min-600x323.png 600w, https:\/\/www.xavidesign.com\/wp-content\/uploads\/2020\/09\/Logotritordeum-min-300x162.png 300w, https:\/\/www.xavidesign.com\/wp-content\/uploads\/2020\/09\/Logotritordeum-min-1024x551.png 1024w, https:\/\/www.xavidesign.com\/wp-content\/uploads\/2020\/09\/Logotritordeum-min-768x414.png 768w\" sizes=\"(max-width: 1300px) 100vw, 1300px\" \/><\/div>\n\t\t<\/a>\n\t\t\t\t<div class=\"elementor-post__text\">\n\t\t\t\t<h3 class=\"elementor-post__title\">\n\t\t\t<a href=\"https:\/\/www.xavidesign.com\/ca\/work\/tritordeum\/\" >\n\t\t\t\tTritordeum\t\t\t<\/a>\n\t\t<\/h3>\n\t\t\t\t<\/div>\n\t\t\t\t<\/article>\n\t\t\t\t<\/div>\n\t\t\n\t\t\t\t\t\t<\/div>\n\t\t\t\t<\/div>\n\t\t\t\t<div class=\"elementor-element elementor-element-883bd83 elementor-align-center elementor-widget elementor-widget-button\" data-id=\"883bd83\" data-element_type=\"widget\" data-widget_type=\"button.default\">\n\t\t\t\t<div class=\"elementor-widget-container\">\n\t\t\t\t\t\t\t\t\t<div class=\"elementor-button-wrapper\">\n\t\t\t\t\t<a class=\"elementor-button elementor-button-link elementor-size-lg\" href=\"https:\/\/www.xavidesign.com\/ca\/work\/\">\n\t\t\t\t\t\t<span class=\"elementor-button-content-wrapper\">\n\t\t\t\t\t\t\t\t\t<span class=\"elementor-button-text\">Carregar m\u00e9s projectes<\/span>\n\t\t\t\t\t<\/span>\n\t\t\t\t\t<\/a>\n\t\t\t\t<\/div>\n\t\t\t\t\t\t\t\t<\/div>\n\t\t\t\t<\/div>\n\t\t\t\t\t<\/div>\n\t\t<\/div>\n\t\t\t\t\t<\/div>\n\t\t<\/section>\n\t\t\t\t<section class=\"elementor-section elementor-top-section elementor-element elementor-element-74e8c70 elementor-section-boxed elementor-section-height-default elementor-section-height-default\" data-id=\"74e8c70\" data-element_type=\"section\">\n\t\t\t\t\t\t<div class=\"elementor-container elementor-column-gap-default\">\n\t\t\t\t\t<div class=\"elementor-column elementor-col-100 elementor-top-column elementor-element elementor-element-8ac0af0\" data-id=\"8ac0af0\" data-element_type=\"column\">\n\t\t\t<div class=\"elementor-widget-wrap elementor-element-populated\">\n\t\t\t\t\t\t<div class=\"elementor-element elementor-element-a1dff68 elementor-widget-divider--view-line elementor-widget elementor-widget-divider\" data-id=\"a1dff68\" data-element_type=\"widget\" data-widget_type=\"divider.default\">\n\t\t\t\t<div class=\"elementor-widget-container\">\n\t\t\t\t\t\t\t<div class=\"elementor-divider\">\n\t\t\t<span class=\"elementor-divider-separator\">\n\t\t\t\t\t\t<\/span>\n\t\t<\/div>\n\t\t\t\t\t\t<\/div>\n\t\t\t\t<\/div>\n\t\t\t\t\t<\/div>\n\t\t<\/div>\n\t\t\t\t\t<\/div>\n\t\t<\/section>\n\t\t\t\t<section class=\"elementor-section elementor-top-section elementor-element elementor-element-3764a70 elementor-section-boxed elementor-section-height-default elementor-section-height-default\" data-id=\"3764a70\" data-element_type=\"section\">\n\t\t\t\t\t\t<div class=\"elementor-container elementor-column-gap-default\">\n\t\t\t\t\t<div class=\"elementor-column elementor-col-25 elementor-top-column elementor-element elementor-element-3a0bf8b\" data-id=\"3a0bf8b\" data-element_type=\"column\">\n\t\t\t<div class=\"elementor-widget-wrap\">\n\t\t\t\t\t\t\t<\/div>\n\t\t<\/div>\n\t\t\t\t<div class=\"elementor-column elementor-col-25 elementor-top-column elementor-element elementor-element-4020769\" data-id=\"4020769\" data-element_type=\"column\">\n\t\t\t<div class=\"elementor-widget-wrap elementor-element-populated\">\n\t\t\t\t\t\t<div class=\"elementor-element elementor-element-50b9be5 elementor-align-center elementor-widget elementor-widget-lottie\" data-id=\"50b9be5\" data-element_type=\"widget\" data-settings=\"{&quot;source_json&quot;:{&quot;url&quot;:&quot;https:\\\/\\\/www.xavidesign.com\\\/wp-content\\\/uploads\\\/2020\\\/12\\\/lf30_editor_zgwy7i9h.json&quot;,&quot;id&quot;:3760,&quot;size&quot;:&quot;&quot;},&quot;loop&quot;:&quot;yes&quot;,&quot;source&quot;:&quot;media_file&quot;,&quot;caption_source&quot;:&quot;none&quot;,&quot;link_to&quot;:&quot;none&quot;,&quot;trigger&quot;:&quot;arriving_to_viewport&quot;,&quot;viewport&quot;:{&quot;unit&quot;:&quot;%&quot;,&quot;size&quot;:&quot;&quot;,&quot;sizes&quot;:{&quot;start&quot;:0,&quot;end&quot;:100}},&quot;play_speed&quot;:{&quot;unit&quot;:&quot;px&quot;,&quot;size&quot;:1,&quot;sizes&quot;:[]},&quot;start_point&quot;:{&quot;unit&quot;:&quot;%&quot;,&quot;size&quot;:0,&quot;sizes&quot;:[]},&quot;end_point&quot;:{&quot;unit&quot;:&quot;%&quot;,&quot;size&quot;:100,&quot;sizes&quot;:[]},&quot;renderer&quot;:&quot;svg&quot;}\" data-widget_type=\"lottie.default\">\n\t\t\t\t<div class=\"elementor-widget-container\">\n\t\t\t\t\t<div class=\"e-lottie__container\"><div class=\"e-lottie__animation\"><\/div><\/div>\t\t\t\t<\/div>\n\t\t\t\t<\/div>\n\t\t\t\t\t<\/div>\n\t\t<\/div>\n\t\t\t\t<div class=\"elementor-column elementor-col-25 elementor-top-column elementor-element elementor-element-211ef06\" data-id=\"211ef06\" data-element_type=\"column\">\n\t\t\t<div class=\"elementor-widget-wrap elementor-element-populated\">\n\t\t\t\t\t\t<div class=\"elementor-element elementor-element-7b66ae1 elementor-widget elementor-widget-heading\" data-id=\"7b66ae1\" data-element_type=\"widget\" data-widget_type=\"heading.default\">\n\t\t\t\t<div class=\"elementor-widget-container\">\n\t\t\t\t\t<h2 class=\"elementor-heading-title elementor-size-default\">Disponible per a projectes freelance<\/h2>\t\t\t\t<\/div>\n\t\t\t\t<\/div>\n\t\t\t\t<div class=\"elementor-element elementor-element-9abb1b8 elementor-widget elementor-widget-text-editor\" data-id=\"9abb1b8\" data-element_type=\"widget\" data-widget_type=\"text-editor.default\">\n\t\t\t\t<div class=\"elementor-widget-container\">\n\t\t\t\t\t\t\t\t\t<p>Est\u00e0s buscant un dissenyador i comunicador freelance perqu\u00e8 t'ajudi amb el teu projecte? Parlem!<\/p>\t\t\t\t\t\t\t\t<\/div>\n\t\t\t\t<\/div>\n\t\t\t\t<div class=\"elementor-element elementor-element-681f011 elementor-align-center elementor-widget elementor-widget-button\" data-id=\"681f011\" data-element_type=\"widget\" data-widget_type=\"button.default\">\n\t\t\t\t<div class=\"elementor-widget-container\">\n\t\t\t\t\t\t\t\t\t<div class=\"elementor-button-wrapper\">\n\t\t\t\t\t<a class=\"elementor-button elementor-button-link elementor-size-lg\" href=\"https:\/\/www.xavidesign.com\/ca\/contact\/\">\n\t\t\t\t\t\t<span class=\"elementor-button-content-wrapper\">\n\t\t\t\t\t\t\t\t\t<span class=\"elementor-button-text\">Parlem!<\/span>\n\t\t\t\t\t<\/span>\n\t\t\t\t\t<\/a>\n\t\t\t\t<\/div>\n\t\t\t\t\t\t\t\t<\/div>\n\t\t\t\t<\/div>\n\t\t\t\t\t<\/div>\n\t\t<\/div>\n\t\t\t\t<div class=\"elementor-column elementor-col-25 elementor-top-column elementor-element elementor-element-053bd9e\" data-id=\"053bd9e\" data-element_type=\"column\">\n\t\t\t<div class=\"elementor-widget-wrap\">\n\t\t\t\t\t\t\t<\/div>\n\t\t<\/div>\n\t\t\t\t\t<\/div>\n\t\t<\/section>\n\t\t\t\t<\/div>","protected":false},"excerpt":{"rendered":"<p>Independent designer and audiovisual communicator with more than 20 years of experience in art direction focused on branding and communication Specialist in corporate design, editorial<\/p>","protected":false},"author":1,"featured_media":0,"parent":0,"menu_order":0,"comment_status":"closed","ping_status":"closed","template":"","meta":{"footnotes":""},"class_list":["post-4396","page","type-page","status-publish","hentry"],"_links":{"self":[{"href":"https:\/\/www.xavidesign.com\/ca\/wp-json\/wp\/v2\/pages\/4396","targetHints":{"allow":["GET"]}}],"collection":[{"href":"https:\/\/www.xavidesign.com\/ca\/wp-json\/wp\/v2\/pages"}],"about":[{"href":"https:\/\/www.xavidesign.com\/ca\/wp-json\/wp\/v2\/types\/page"}],"author":[{"embeddable":true,"href":"https:\/\/www.xavidesign.com\/ca\/wp-json\/wp\/v2\/users\/1"}],"replies":[{"embeddable":true,"href":"https:\/\/www.xavidesign.com\/ca\/wp-json\/wp\/v2\/comments?post=4396"}],"version-history":[{"count":5,"href":"https:\/\/www.xavidesign.com\/ca\/wp-json\/wp\/v2\/pages\/4396\/revisions"}],"predecessor-version":[{"id":4962,"href":"https:\/\/www.xavidesign.com\/ca\/wp-json\/wp\/v2\/pages\/4396\/revisions\/4962"}],"wp:attachment":[{"href":"https:\/\/www.xavidesign.com\/ca\/wp-json\/wp\/v2\/media?parent=4396"}],"curies":[{"name":"wp","href":"https:\/\/api.w.org\/{rel}","templated":true}]}}