{"id":3140,"date":"2020-09-29T17:46:51","date_gmt":"2020-09-29T15:46:51","guid":{"rendered":"https:\/\/xavidesign.com\/home-copy\/"},"modified":"2024-06-18T11:11:32","modified_gmt":"2024-06-18T09:11:32","slug":"about","status":"publish","type":"page","link":"https:\/\/www.xavidesign.com\/es\/about\/","title":{"rendered":"Sobre m\u00ed"},"content":{"rendered":"<div data-elementor-type=\"wp-page\" data-elementor-id=\"3140\" class=\"elementor elementor-3140\" data-elementor-post-type=\"page\">\n\t\t\t\t\t\t<section class=\"elementor-section elementor-top-section elementor-element elementor-element-d58ae6d elementor-section-boxed elementor-section-height-default elementor-section-height-default\" data-id=\"d58ae6d\" data-element_type=\"section\">\n\t\t\t\t\t\t<div class=\"elementor-container elementor-column-gap-default\">\n\t\t\t\t\t<div class=\"elementor-column elementor-col-50 elementor-top-column elementor-element elementor-element-cb80d7c\" data-id=\"cb80d7c\" data-element_type=\"column\">\n\t\t\t<div class=\"elementor-widget-wrap elementor-element-populated\">\n\t\t\t\t\t\t<div class=\"elementor-element elementor-element-a8751e8 animated-slow elementor-invisible elementor-widget elementor-widget-heading\" data-id=\"a8751e8\" data-element_type=\"widget\" data-settings=\"{&quot;_animation&quot;:&quot;fadeInUp&quot;}\" data-widget_type=\"heading.default\">\n\t\t\t\t<div class=\"elementor-widget-container\">\n\t\t\t\t\t<h2 class=\"elementor-heading-title elementor-size-default\">Dise\u00f1o para \n<br>una mejor \n<br>comunicaci\u00f3n<\/h2>\t\t\t\t<\/div>\n\t\t\t\t<\/div>\n\t\t\t\t<div class=\"elementor-element elementor-element-7b9015c elementor-widget__width-auto animated-slow elementor-invisible elementor-widget elementor-widget-text-editor\" data-id=\"7b9015c\" data-element_type=\"widget\" data-settings=\"{&quot;_animation&quot;:&quot;fadeInUp&quot;,&quot;_animation_delay&quot;:800}\" data-widget_type=\"text-editor.default\">\n\t\t\t\t<div class=\"elementor-widget-container\">\n\t\t\t\t\t\t\t\t\t<p>Xavi Alonso es un experimentado dise\u00f1ador gr\u00e1fico y comunicador de Barcelona, que cuenta con m\u00e1s de 20 a\u00f1os de experiencia en la industria. Sus conocimientos abarcan el branding corporativo, dise\u00f1o editorial y web, packaging, estrategia de contenidos, redes digitales, producci\u00f3n de video y escritura creativa, entre otras soluciones creativas.<\/p>\n<p class=\"translation-block\">M\u00e1s all\u00e1 de su amplia oferta de servicios, Xavi participa activamente en investigaciones relacionadas con el\u00a0<a href=\"https:\/\/www.laeradelhype.com\" target=\"_blank\"><u> fen\u00f3meno del hype<\/u><\/a>\u00a0y los procesos creativos.<\/p>\n<p>Trabaja con una amplia gama de clientes, desde corporaciones multinacionales hasta emprendimientos independientes, incorpor\u00e1ndose frecuentemente a equipos internos para liderar proyectos cr\u00edticos.<\/p>\n<p class=\"translation-block\">Xavi tambi\u00e9n es el visionario detr\u00e1s de <a href=\"https:\/\/www.bauplay.com\" target=\"_blank\" rel=\"noopener\"><u>Bauplay<\/u><\/a>, una iniciativa pionera que crea juegos educativos centrados en el arte y la creatividad. A trav\u00e9s de Bauplay, facilita talleres que combinan el juego con la educaci\u00f3n art\u00edstica, ofreciendo experiencias de aprendizaje \u00fanicas en museos y m\u00e1s all\u00e1.<\/p>\n<p class=\"translation-block\">Descubre m\u00e1s sobre los enfoques innovadores de Xavi en su agencia creativa,\u00a0<a href=\"https:\/\/www.randomers.org\" target=\"_blank\" rel=\"noopener\"><u>Randomers<\/u><\/a>.<\/p>\n<p>\u00bfBuscas soluciones creativas e innovadoras? Podr\u00edamos colaborar pronto.<\/p>\t\t\t\t\t\t\t\t<\/div>\n\t\t\t\t<\/div>\n\t\t\t\t<div class=\"elementor-element elementor-element-9497bf7 elementor-align-center animated-slow elementor-invisible elementor-widget elementor-widget-button\" data-id=\"9497bf7\" data-element_type=\"widget\" data-settings=\"{&quot;_animation&quot;:&quot;fadeInUp&quot;,&quot;_animation_delay&quot;:1300}\" data-widget_type=\"button.default\">\n\t\t\t\t<div class=\"elementor-widget-container\">\n\t\t\t\t\t\t\t\t\t<div class=\"elementor-button-wrapper\">\n\t\t\t\t\t<a class=\"elementor-button elementor-button-link elementor-size-lg\" href=\"https:\/\/www.xavidesign.com\/es\/contact\/\">\n\t\t\t\t\t\t<span class=\"elementor-button-content-wrapper\">\n\t\t\t\t\t\t\t\t\t<span class=\"elementor-button-text\">\u00a1Hablemos!<\/span>\n\t\t\t\t\t<\/span>\n\t\t\t\t\t<\/a>\n\t\t\t\t<\/div>\n\t\t\t\t\t\t\t\t<\/div>\n\t\t\t\t<\/div>\n\t\t\t\t\t<\/div>\n\t\t<\/div>\n\t\t\t\t<div class=\"elementor-column elementor-col-50 elementor-top-column elementor-element elementor-element-9252e91\" data-id=\"9252e91\" data-element_type=\"column\">\n\t\t\t<div class=\"elementor-widget-wrap elementor-element-populated\">\n\t\t\t\t\t\t<div class=\"elementor-element elementor-element-9f4b42a elementor-widget elementor-widget-image\" data-id=\"9f4b42a\" data-element_type=\"widget\" data-settings=\"{&quot;motion_fx_motion_fx_mouse&quot;:&quot;yes&quot;,&quot;motion_fx_tilt_effect&quot;:&quot;yes&quot;,&quot;motion_fx_tilt_speed&quot;:{&quot;unit&quot;:&quot;px&quot;,&quot;size&quot;:1.7,&quot;sizes&quot;:[]}}\" data-widget_type=\"image.default\">\n\t\t\t\t<div class=\"elementor-widget-container\">\n\t\t\t\t\t\t\t\t\t\t\t\t\t\t\t<img fetchpriority=\"high\" decoding=\"async\" width=\"440\" height=\"626\" src=\"https:\/\/www.xavidesign.com\/wp-content\/uploads\/2020\/09\/fotoxa.png\" class=\"attachment-large size-large wp-image-3126\" alt=\"\" srcset=\"https:\/\/www.xavidesign.com\/wp-content\/uploads\/2020\/09\/fotoxa.png 440w, https:\/\/www.xavidesign.com\/wp-content\/uploads\/2020\/09\/fotoxa-211x300.png 211w\" sizes=\"(max-width: 440px) 100vw, 440px\" \/>\t\t\t\t\t\t\t\t\t\t\t\t\t\t\t<\/div>\n\t\t\t\t<\/div>\n\t\t\t\t\t<\/div>\n\t\t<\/div>\n\t\t\t\t\t<\/div>\n\t\t<\/section>\n\t\t\t\t<\/div>","protected":false},"excerpt":{"rendered":"<p>Design for better communication Xavi Alonso is a seasoned graphic designer and communicator based in Barcelona, boasting over 20 years of industry experience. His expertise spans corporate branding, editorial and web design, packaging, content strategy, digital networking, video production, and creative writing, among other creative solutions. Beyond his extensive service offerings, Xavi is actively engaged [&hellip;]<\/p>","protected":false},"author":1,"featured_media":0,"parent":0,"menu_order":7,"comment_status":"closed","ping_status":"closed","template":"","meta":{"footnotes":""},"class_list":["post-3140","page","type-page","status-publish","hentry"],"_links":{"self":[{"href":"https:\/\/www.xavidesign.com\/es\/wp-json\/wp\/v2\/pages\/3140","targetHints":{"allow":["GET"]}}],"collection":[{"href":"https:\/\/www.xavidesign.com\/es\/wp-json\/wp\/v2\/pages"}],"about":[{"href":"https:\/\/www.xavidesign.com\/es\/wp-json\/wp\/v2\/types\/page"}],"author":[{"embeddable":true,"href":"https:\/\/www.xavidesign.com\/es\/wp-json\/wp\/v2\/users\/1"}],"replies":[{"embeddable":true,"href":"https:\/\/www.xavidesign.com\/es\/wp-json\/wp\/v2\/comments?post=3140"}],"version-history":[{"count":5,"href":"https:\/\/www.xavidesign.com\/es\/wp-json\/wp\/v2\/pages\/3140\/revisions"}],"predecessor-version":[{"id":4968,"href":"https:\/\/www.xavidesign.com\/es\/wp-json\/wp\/v2\/pages\/3140\/revisions\/4968"}],"wp:attachment":[{"href":"https:\/\/www.xavidesign.com\/es\/wp-json\/wp\/v2\/media?parent=3140"}],"curies":[{"name":"wp","href":"https:\/\/api.w.org\/{rel}","templated":true}]}}